{"id":10680,"date":"2025-08-25T11:55:44","date_gmt":"2025-08-25T10:55:44","guid":{"rendered":"https:\/\/www.svetlanov-evgeny.com\/pour-nous-soutenir\/partenariats\/partenariat-musical\/"},"modified":"2026-04-09T09:54:31","modified_gmt":"2026-04-09T08:54:31","slug":"partenariat-musical","status":"publish","type":"page","link":"https:\/\/www.svetlanov-evgeny.com\/fr\/pour-nous-soutenir\/partenariats\/partenariat-musical\/","title":{"rendered":"Partenariat musical"},"content":{"rendered":"\t\t<div data-elementor-type=\"wp-page\" data-elementor-id=\"10680\" class=\"elementor elementor-10680 elementor-2463\" data-elementor-post-type=\"page\">\n\t\t\t\t<div class=\"elementor-element elementor-element-30348f5e e-flex e-con-boxed e-con e-parent\" data-id=\"30348f5e\" data-element_type=\"container\" data-settings=\"{&quot;jet_parallax_layout_list&quot;:[]}\">\n\t\t\t\t\t<div class=\"e-con-inner\">\n\t\t\t\t<div class=\"elementor-element elementor-element-411d5381 elementor-widget elementor-widget-text-editor\" data-id=\"411d5381\" data-element_type=\"widget\" data-widget_type=\"text-editor.default\">\n\t\t\t\t<div class=\"elementor-widget-container\">\n\t\t\t\t\t\t\t\t\t<p><span style=\"font-weight: 400;\">Vous \u00eates un orchestre, un festival ou un programmateur de musique classique, et souhaitez rejoindre la communaut\u00e9 internationale du Concours Svetlanov ?<\/span><\/p><p><span style=\"font-weight: 400;\">Nous serions ravis d\u2019\u00e9changer avec vous &#8211; Contactez nous :<\/span><span style=\"font-weight: 400;\"><br \/><\/span><span style=\"font-weight: 400;\">Olga Aleksandrova, Directrice Marketing <br \/><\/span><span style=\"text-decoration: underline; color: #ff6600;\">administration@svetlanov-evgeny.com<\/span><\/p><h2><span style=\"font-weight: 400;\">Votre engagement<\/span><\/h2><ul><li aria-level=\"1\"><span style=\"font-weight: 400;\">Vous vous engagez \u00e0 inviter l\u2019un des laur\u00e9ats \u00e0 diriger votre orchestre au cours <\/span><b>de vos deux prochaines saisons.<\/b><\/li><\/ul><ul><li style=\"font-weight: 400;\" aria-level=\"1\"><span style=\"font-weight: 400;\">Vous <\/span><b>mentionnez \u00ab Laur\u00e9at du Concours International de Chefs d&rsquo;Orchestre Evgeny Svetlanov \u00bb<\/b><span style=\"font-weight: 400;\"> dans tous les supports de communication associ\u00e9s \u00e0 cet engagement (le logo officiel vous sera fourni).<\/span><\/li><\/ul><div>\u00a0<\/div><h2><span style=\"font-weight: 400;\">Vos avantages en tant que Partenaire Musical<\/span><\/h2><h3><span style=\"font-weight: 400;\">Acc\u00e8s privil\u00e9gi\u00e9<\/span><\/h3><ul><li style=\"font-weight: 400;\" aria-level=\"1\"><b>2 invitations<\/b><span style=\"font-weight: 400;\"> pour assister \u00e0 <\/span><b>l\u2019ensemble des \u00e9preuves<\/b><span style=\"font-weight: 400;\"> du Concours.<\/span><\/li><li style=\"font-weight: 400;\" aria-level=\"1\"><b>Tarifs pr\u00e9f\u00e9rentiels<\/b><span style=\"font-weight: 400;\"> dans les h\u00f4tels partenaires \u00e0 Birmingham (Hyatt et Novotel).<\/span><\/li><\/ul><div>\u00a0<\/div><h3><span style=\"font-weight: 400;\">Visibilit\u00e9 renforc\u00e9e<\/span><\/h3><ul><li style=\"font-weight: 400;\" aria-level=\"1\"><span style=\"font-weight: 400;\">Mettez en avant votre engagement comme \u00ab <strong>Prix Sp\u00e9cial<\/strong> \u00bb et b\u00e9n\u00e9ficiez d\u2019une <strong>couverture m\u00e9diatique \u00e9largie<\/strong>.<\/span><\/li><li style=\"font-weight: 400;\" aria-level=\"1\"><span style=\"font-weight: 400;\">Votre institution sera mentionn\u00e9e comme <strong>Partenaire Musical<\/strong> dans toutes nos communications officielles : site web, brochure, programme imprim\u00e9, r\u00e9seaux sociaux, dossiers de presse, etc.<\/span><\/li><li style=\"font-weight: 400;\" aria-level=\"1\"><span style=\"font-weight: 400;\">Une publication d\u00e9di\u00e9e sera partag\u00e9e sur <strong>Instagram, Facebook et LinkedIn<\/strong>.<\/span><\/li><\/ul><div>\u00a0<\/div><h3><span style=\"font-weight: 400;\">R\u00e9seautage de qualit\u00e9<\/span><\/h3><ul><li style=\"font-weight: 400;\" aria-level=\"1\"><span style=\"font-weight: 400;\">Opportunit\u00e9 de rencontrer<strong> jur\u00e9s, candidats, producteurs, journalistes<\/strong> et professionnels du secteur musical tout au long de l\u2019\u00e9v\u00e9nement.<\/span><\/li><li style=\"font-weight: 400;\" aria-level=\"1\"><span style=\"font-weight: 400;\"><strong>2 invitations<\/strong> \u00e0 la <strong>R\u00e9ception Cocktail de la Finale<\/strong>.<\/span><\/li><\/ul>\t\t\t\t\t\t\t\t<\/div>\n\t\t\t\t<\/div>\n\t\t\t\t<div class=\"elementor-element elementor-element-459ac0ad elementor-align-center elementor-widget elementor-widget-button\" data-id=\"459ac0ad\" data-element_type=\"widget\" data-widget_type=\"button.default\">\n\t\t\t\t<div class=\"elementor-widget-container\">\n\t\t\t\t\t\t\t\t\t<div class=\"elementor-button-wrapper\">\n\t\t\t\t\t<a class=\"elementor-button elementor-button-link elementor-size-sm\" href=\"#\">\n\t\t\t\t\t\t<span class=\"elementor-button-content-wrapper\">\n\t\t\t\t\t\t\t\t\t<span class=\"elementor-button-text\">T\u00e9l\u00e9chargez la convention de partenariat ici<\/span>\n\t\t\t\t\t<\/span>\n\t\t\t\t\t<\/a>\n\t\t\t\t<\/div>\n\t\t\t\t\t\t\t\t<\/div>\n\t\t\t\t<\/div>\n\t\t\t\t\t<\/div>\n\t\t\t\t<\/div>\n\t\t<div class=\"elementor-element elementor-element-6c804b4 e-flex e-con-boxed e-con e-parent\" data-id=\"6c804b4\" data-element_type=\"container\" data-settings=\"{&quot;jet_parallax_layout_list&quot;:[]}\">\n\t\t\t\t\t<div class=\"e-con-inner\">\n\t\t\t\t<div class=\"elementor-element elementor-element-d0ba7ad elementor-widget elementor-widget-image\" data-id=\"d0ba7ad\" data-element_type=\"widget\" data-widget_type=\"image.default\">\n\t\t\t\t<div class=\"elementor-widget-container\">\n\t\t\t\t\t\t\t\t\t\t\t\t<figure class=\"wp-caption\">\n\t\t\t\t\t\t\t\t\t\t<img fetchpriority=\"high\" decoding=\"async\" width=\"800\" height=\"533\" src=\"https:\/\/www.svetlanov-evgeny.com\/wp-content\/uploads\/2025\/10\/1-Samy-Rachid-\u00a9Svetlanov-Competition-2022-1024x682.jpg\" class=\"attachment-large size-large wp-image-5224\" alt=\"Samy Rachid \u00a9Svetlanov Competition 2022\" srcset=\"https:\/\/www.svetlanov-evgeny.com\/wp-content\/uploads\/2025\/10\/1-Samy-Rachid-\u00a9Svetlanov-Competition-2022-1024x682.jpg 1024w, https:\/\/www.svetlanov-evgeny.com\/wp-content\/uploads\/2025\/10\/1-Samy-Rachid-\u00a9Svetlanov-Competition-2022-300x200.jpg 300w, https:\/\/www.svetlanov-evgeny.com\/wp-content\/uploads\/2025\/10\/1-Samy-Rachid-\u00a9Svetlanov-Competition-2022-768x512.jpg 768w, https:\/\/www.svetlanov-evgeny.com\/wp-content\/uploads\/2025\/10\/1-Samy-Rachid-\u00a9Svetlanov-Competition-2022-1536x1024.jpg 1536w, https:\/\/www.svetlanov-evgeny.com\/wp-content\/uploads\/2025\/10\/1-Samy-Rachid-\u00a9Svetlanov-Competition-2022.jpg 1940w\" sizes=\"(max-width: 800px) 100vw, 800px\" \/>\t\t\t\t\t\t\t\t\t\t\t<figcaption class=\"widget-image-caption wp-caption-text\">Samy Rachid, candidat 2022 \u2014 chef assistant du Boston Symphony Orchestra (\u00c9tats-Unis)<\/figcaption>\n\t\t\t\t\t\t\t\t\t\t<\/figure>\n\t\t\t\t\t\t\t\t\t<\/div>\n\t\t\t\t<\/div>\n\t\t\t\t\t<\/div>\n\t\t\t\t<\/div>\n\t\t\t\t<\/div>\n\t\t","protected":false},"excerpt":{"rendered":"<p>Vous \u00eates un orchestre, un festival ou un programmateur de musique classique, et souhaitez rejoindre la communaut\u00e9 internationale du Concours Svetlanov ? Nous serions ravis d\u2019\u00e9changer avec vous &#8211; Contactez nous :Olga Aleksandrova, Directrice Marketing administration@svetlanov-evgeny.com Votre engagement Vous vous engagez \u00e0 inviter l\u2019un des laur\u00e9ats \u00e0 diriger votre orchestre au cours de vos deux [&hellip;]<\/p>\n","protected":false},"author":1,"featured_media":0,"parent":10297,"menu_order":0,"comment_status":"closed","ping_status":"closed","template":"","meta":{"_acf_changed":false,"footnotes":""},"tags":[],"class_list":["post-10680","page","type-page","status-publish","hentry"],"acf":[],"yoast_head":"<!-- This site is optimized with the Yoast SEO plugin v27.2 - https:\/\/yoast.com\/product\/yoast-seo-wordpress\/ -->\n<title>Partenariat musical - Evgeny Svetlanov<\/title>\n<meta name=\"description\" content=\"Rejoignez le Concours International de Chefs d\u2019orchestre Evgeny Svetlanov en tant que partenaire musical. Invitez un laur\u00e9at \u00e0 se produire, b\u00e9n\u00e9ficiez d\u2019une visibilit\u00e9 internationale et connectez-vous \u00e0 la communaut\u00e9 mondiale de la musique classique.\" \/>\n<meta name=\"robots\" content=\"index, follow, max-snippet:-1, max-image-preview:large, max-video-preview:-1\" \/>\n<link rel=\"canonical\" href=\"https:\/\/www.svetlanov-evgeny.com\/fr\/pour-nous-soutenir\/partenariats\/partenariat-musical\/\" \/>\n<meta property=\"og:locale\" content=\"fr_FR\" \/>\n<meta property=\"og:type\" content=\"article\" \/>\n<meta property=\"og:title\" content=\"Partenariat musical - Evgeny Svetlanov\" \/>\n<meta property=\"og:description\" content=\"Rejoignez le Concours International de Chefs d\u2019orchestre Evgeny Svetlanov en tant que partenaire musical. Invitez un laur\u00e9at \u00e0 se produire, b\u00e9n\u00e9ficiez d\u2019une visibilit\u00e9 internationale et connectez-vous \u00e0 la communaut\u00e9 mondiale de la musique classique.\" \/>\n<meta property=\"og:url\" content=\"https:\/\/www.svetlanov-evgeny.com\/fr\/pour-nous-soutenir\/partenariats\/partenariat-musical\/\" \/>\n<meta property=\"og:site_name\" content=\"Evgeny Svetlanov\" \/>\n<meta property=\"article:modified_time\" content=\"2026-04-09T08:54:31+00:00\" \/>\n<meta name=\"twitter:card\" content=\"summary_large_image\" \/>\n<meta name=\"twitter:label1\" content=\"Dur\u00e9e de lecture estim\u00e9e\" \/>\n\t<meta name=\"twitter:data1\" content=\"2 minutes\" \/>\n<script type=\"application\/ld+json\" class=\"yoast-schema-graph\">{\"@context\":\"https:\/\/schema.org\",\"@graph\":[{\"@type\":\"WebPage\",\"@id\":\"https:\/\/www.svetlanov-evgeny.com\/fr\/pour-nous-soutenir\/partenariats\/partenariat-musical\/\",\"url\":\"https:\/\/www.svetlanov-evgeny.com\/fr\/pour-nous-soutenir\/partenariats\/partenariat-musical\/\",\"name\":\"Partenariat musical - Evgeny Svetlanov\",\"isPartOf\":{\"@id\":\"https:\/\/www.svetlanov-evgeny.com\/fr\/#website\"},\"datePublished\":\"2025-08-25T10:55:44+00:00\",\"dateModified\":\"2026-04-09T08:54:31+00:00\",\"description\":\"Rejoignez le Concours International de Chefs d\u2019orchestre Evgeny Svetlanov en tant que partenaire musical. Invitez un laur\u00e9at \u00e0 se produire, b\u00e9n\u00e9ficiez d\u2019une visibilit\u00e9 internationale et connectez-vous \u00e0 la communaut\u00e9 mondiale de la musique classique.\",\"breadcrumb\":{\"@id\":\"https:\/\/www.svetlanov-evgeny.com\/fr\/pour-nous-soutenir\/partenariats\/partenariat-musical\/#breadcrumb\"},\"inLanguage\":\"fr-FR\",\"potentialAction\":[{\"@type\":\"ReadAction\",\"target\":[\"https:\/\/www.svetlanov-evgeny.com\/fr\/pour-nous-soutenir\/partenariats\/partenariat-musical\/\"]}]},{\"@type\":\"BreadcrumbList\",\"@id\":\"https:\/\/www.svetlanov-evgeny.com\/fr\/pour-nous-soutenir\/partenariats\/partenariat-musical\/#breadcrumb\",\"itemListElement\":[{\"@type\":\"ListItem\",\"position\":1,\"name\":\"Home\",\"item\":\"https:\/\/www.svetlanov-evgeny.com\/fr\/\"},{\"@type\":\"ListItem\",\"position\":2,\"name\":\"Pour nous soutenir\",\"item\":\"https:\/\/www.svetlanov-evgeny.com\/fr\/how-to-support\/\"},{\"@type\":\"ListItem\",\"position\":3,\"name\":\"Partenariats\",\"item\":\"https:\/\/www.svetlanov-evgeny.com\/fr\/pour-nous-soutenir\/partenariats\/\"},{\"@type\":\"ListItem\",\"position\":4,\"name\":\"Partenariat musical\"}]},{\"@type\":\"WebSite\",\"@id\":\"https:\/\/www.svetlanov-evgeny.com\/fr\/#website\",\"url\":\"https:\/\/www.svetlanov-evgeny.com\/fr\/\",\"name\":\"Evgeny Svetlanov\",\"description\":\"\",\"publisher\":{\"@id\":\"https:\/\/www.svetlanov-evgeny.com\/fr\/#organization\"},\"potentialAction\":[{\"@type\":\"SearchAction\",\"target\":{\"@type\":\"EntryPoint\",\"urlTemplate\":\"https:\/\/www.svetlanov-evgeny.com\/fr\/?s={search_term_string}\"},\"query-input\":{\"@type\":\"PropertyValueSpecification\",\"valueRequired\":true,\"valueName\":\"search_term_string\"}}],\"inLanguage\":\"fr-FR\"},{\"@type\":\"Organization\",\"@id\":\"https:\/\/www.svetlanov-evgeny.com\/fr\/#organization\",\"name\":\"Evgeny Svetlanov\",\"url\":\"https:\/\/www.svetlanov-evgeny.com\/fr\/\",\"logo\":{\"@type\":\"ImageObject\",\"inLanguage\":\"fr-FR\",\"@id\":\"https:\/\/www.svetlanov-evgeny.com\/fr\/#\/schema\/logo\/image\/\",\"url\":\"https:\/\/www.svetlanov-evgeny.com\/wp-content\/uploads\/2024\/01\/evgeny-svetlanov-white.webp\",\"contentUrl\":\"https:\/\/www.svetlanov-evgeny.com\/wp-content\/uploads\/2024\/01\/evgeny-svetlanov-white.webp\",\"width\":376,\"height\":37,\"caption\":\"Evgeny Svetlanov\"},\"image\":{\"@id\":\"https:\/\/www.svetlanov-evgeny.com\/fr\/#\/schema\/logo\/image\/\"}}]}<\/script>\n<!-- \/ Yoast SEO plugin. -->","yoast_head_json":{"title":"Partenariat musical - Evgeny Svetlanov","description":"Rejoignez le Concours International de Chefs d\u2019orchestre Evgeny Svetlanov en tant que partenaire musical. Invitez un laur\u00e9at \u00e0 se produire, b\u00e9n\u00e9ficiez d\u2019une visibilit\u00e9 internationale et connectez-vous \u00e0 la communaut\u00e9 mondiale de la musique classique.","robots":{"index":"index","follow":"follow","max-snippet":"max-snippet:-1","max-image-preview":"max-image-preview:large","max-video-preview":"max-video-preview:-1"},"canonical":"https:\/\/www.svetlanov-evgeny.com\/fr\/pour-nous-soutenir\/partenariats\/partenariat-musical\/","og_locale":"fr_FR","og_type":"article","og_title":"Partenariat musical - Evgeny Svetlanov","og_description":"Rejoignez le Concours International de Chefs d\u2019orchestre Evgeny Svetlanov en tant que partenaire musical. Invitez un laur\u00e9at \u00e0 se produire, b\u00e9n\u00e9ficiez d\u2019une visibilit\u00e9 internationale et connectez-vous \u00e0 la communaut\u00e9 mondiale de la musique classique.","og_url":"https:\/\/www.svetlanov-evgeny.com\/fr\/pour-nous-soutenir\/partenariats\/partenariat-musical\/","og_site_name":"Evgeny Svetlanov","article_modified_time":"2026-04-09T08:54:31+00:00","twitter_card":"summary_large_image","twitter_misc":{"Dur\u00e9e de lecture estim\u00e9e":"2 minutes"},"schema":{"@context":"https:\/\/schema.org","@graph":[{"@type":"WebPage","@id":"https:\/\/www.svetlanov-evgeny.com\/fr\/pour-nous-soutenir\/partenariats\/partenariat-musical\/","url":"https:\/\/www.svetlanov-evgeny.com\/fr\/pour-nous-soutenir\/partenariats\/partenariat-musical\/","name":"Partenariat musical - Evgeny Svetlanov","isPartOf":{"@id":"https:\/\/www.svetlanov-evgeny.com\/fr\/#website"},"datePublished":"2025-08-25T10:55:44+00:00","dateModified":"2026-04-09T08:54:31+00:00","description":"Rejoignez le Concours International de Chefs d\u2019orchestre Evgeny Svetlanov en tant que partenaire musical. Invitez un laur\u00e9at \u00e0 se produire, b\u00e9n\u00e9ficiez d\u2019une visibilit\u00e9 internationale et connectez-vous \u00e0 la communaut\u00e9 mondiale de la musique classique.","breadcrumb":{"@id":"https:\/\/www.svetlanov-evgeny.com\/fr\/pour-nous-soutenir\/partenariats\/partenariat-musical\/#breadcrumb"},"inLanguage":"fr-FR","potentialAction":[{"@type":"ReadAction","target":["https:\/\/www.svetlanov-evgeny.com\/fr\/pour-nous-soutenir\/partenariats\/partenariat-musical\/"]}]},{"@type":"BreadcrumbList","@id":"https:\/\/www.svetlanov-evgeny.com\/fr\/pour-nous-soutenir\/partenariats\/partenariat-musical\/#breadcrumb","itemListElement":[{"@type":"ListItem","position":1,"name":"Home","item":"https:\/\/www.svetlanov-evgeny.com\/fr\/"},{"@type":"ListItem","position":2,"name":"Pour nous soutenir","item":"https:\/\/www.svetlanov-evgeny.com\/fr\/how-to-support\/"},{"@type":"ListItem","position":3,"name":"Partenariats","item":"https:\/\/www.svetlanov-evgeny.com\/fr\/pour-nous-soutenir\/partenariats\/"},{"@type":"ListItem","position":4,"name":"Partenariat musical"}]},{"@type":"WebSite","@id":"https:\/\/www.svetlanov-evgeny.com\/fr\/#website","url":"https:\/\/www.svetlanov-evgeny.com\/fr\/","name":"Evgeny Svetlanov","description":"","publisher":{"@id":"https:\/\/www.svetlanov-evgeny.com\/fr\/#organization"},"potentialAction":[{"@type":"SearchAction","target":{"@type":"EntryPoint","urlTemplate":"https:\/\/www.svetlanov-evgeny.com\/fr\/?s={search_term_string}"},"query-input":{"@type":"PropertyValueSpecification","valueRequired":true,"valueName":"search_term_string"}}],"inLanguage":"fr-FR"},{"@type":"Organization","@id":"https:\/\/www.svetlanov-evgeny.com\/fr\/#organization","name":"Evgeny Svetlanov","url":"https:\/\/www.svetlanov-evgeny.com\/fr\/","logo":{"@type":"ImageObject","inLanguage":"fr-FR","@id":"https:\/\/www.svetlanov-evgeny.com\/fr\/#\/schema\/logo\/image\/","url":"https:\/\/www.svetlanov-evgeny.com\/wp-content\/uploads\/2024\/01\/evgeny-svetlanov-white.webp","contentUrl":"https:\/\/www.svetlanov-evgeny.com\/wp-content\/uploads\/2024\/01\/evgeny-svetlanov-white.webp","width":376,"height":37,"caption":"Evgeny Svetlanov"},"image":{"@id":"https:\/\/www.svetlanov-evgeny.com\/fr\/#\/schema\/logo\/image\/"}}]}},"_links":{"self":[{"href":"https:\/\/www.svetlanov-evgeny.com\/fr\/wp-json\/wp\/v2\/pages\/10680","targetHints":{"allow":["GET"]}}],"collection":[{"href":"https:\/\/www.svetlanov-evgeny.com\/fr\/wp-json\/wp\/v2\/pages"}],"about":[{"href":"https:\/\/www.svetlanov-evgeny.com\/fr\/wp-json\/wp\/v2\/types\/page"}],"author":[{"embeddable":true,"href":"https:\/\/www.svetlanov-evgeny.com\/fr\/wp-json\/wp\/v2\/users\/1"}],"replies":[{"embeddable":true,"href":"https:\/\/www.svetlanov-evgeny.com\/fr\/wp-json\/wp\/v2\/comments?post=10680"}],"version-history":[{"count":4,"href":"https:\/\/www.svetlanov-evgeny.com\/fr\/wp-json\/wp\/v2\/pages\/10680\/revisions"}],"predecessor-version":[{"id":10684,"href":"https:\/\/www.svetlanov-evgeny.com\/fr\/wp-json\/wp\/v2\/pages\/10680\/revisions\/10684"}],"up":[{"embeddable":true,"href":"https:\/\/www.svetlanov-evgeny.com\/fr\/wp-json\/wp\/v2\/pages\/10297"}],"wp:attachment":[{"href":"https:\/\/www.svetlanov-evgeny.com\/fr\/wp-json\/wp\/v2\/media?parent=10680"}],"wp:term":[{"taxonomy":"post_tag","embeddable":true,"href":"https:\/\/www.svetlanov-evgeny.com\/fr\/wp-json\/wp\/v2\/tags?post=10680"}],"curies":[{"name":"wp","href":"https:\/\/api.w.org\/{rel}","templated":true}]}}