{"id":3345,"date":"2025-08-25T11:20:57","date_gmt":"2025-08-25T10:20:57","guid":{"rendered":"https:\/\/test.preprod76.eu\/evgeny-svetlanov\/articles\/"},"modified":"2026-03-10T14:46:29","modified_gmt":"2026-03-10T14:46:29","slug":"articles","status":"publish","type":"page","link":"https:\/\/www.svetlanov-evgeny.com\/fr\/evgeny-svetlanov\/articles\/","title":{"rendered":"Articles"},"content":{"rendered":"\t\t<div data-elementor-type=\"wp-page\" data-elementor-id=\"3345\" class=\"elementor elementor-3345 elementor-2411\" data-elementor-post-type=\"page\">\n\t\t\t\t<div class=\"elementor-element elementor-element-aed9071 e-flex e-con-boxed e-con e-parent\" data-id=\"aed9071\" data-element_type=\"container\" data-settings=\"{&quot;jet_parallax_layout_list&quot;:[]}\">\n\t\t\t\t\t<div class=\"e-con-inner\">\n\t\t\t\t<div class=\"elementor-element elementor-element-ba06788 elementor-widget elementor-widget-heading\" data-id=\"ba06788\" data-element_type=\"widget\" data-widget_type=\"heading.default\">\n\t\t\t\t<div class=\"elementor-widget-container\">\n\t\t\t\t\t<div class=\"elementor-heading-title elementor-size-default\">FILTRES :<\/div>\t\t\t\t<\/div>\n\t\t\t\t<\/div>\n\t\t<div class=\"elementor-element elementor-element-2871a67 e-con-full e-flex e-con e-child\" data-id=\"2871a67\" data-element_type=\"container\" data-settings=\"{&quot;jet_parallax_layout_list&quot;:[]}\">\n\t\t\t\t<div class=\"elementor-element elementor-element-2f38457 jet-smart-filter-content-position-line elementor-widget elementor-widget-jet-smart-filters-search\" data-id=\"2f38457\" data-element_type=\"widget\" data-widget_type=\"jet-smart-filters-search.default\">\n\t\t\t\t<div class=\"elementor-widget-container\">\n\t\t\t\t\t<div class=\"jet-smart-filters-search jet-filter\">\n<div\n\tclass=\"jet-search-filter\"\n\tdata-query-type=\"_s\" data-query-var=\"query\" data-smart-filter=\"search\" data-filter-id=\"2040\" data-apply-type=\"ajax\" data-content-provider=\"jet-engine\" data-additional-providers=\"\" data-query-id=\"default\" data-active-label=\"\" data-layout-options=\"{&quot;show_label&quot;:&quot;&quot;,&quot;display_options&quot;:[]}\" data-query-var-suffix=\"search\">\n\t<div class=\"jet-search-filter__input-wrapper\">\n\t\t<input\n\t\t\tclass=\"jet-search-filter__input\"\n\t\t\ttype=\"search\"\n\t\t\tautocomplete=\"off\"\n\t\t\tname=\"query\"\n\t\t\tvalue=\"\"\n\t\t\tplaceholder=\"Search by keywords\"\n\t\t\taria-label=\"Search recordings\"\n\t\t\t\t\t>\n\t\t\t<\/div>\n\n\t\t\t<button\n\t\t\ttype=\"button\"\n\t\t\tclass=\"jet-search-filter__submit apply-filters__button\"\n\t\t\t\t\t>\n\t\t\t\t\t\t<span class=\"jet-search-filter__submit-text\">\n\t\t\t\tSearch\t\t\t<\/span>\n\t\t\t\t\t<\/button>\n\t<\/div>\n<\/div>\t\t\t\t<\/div>\n\t\t\t\t<\/div>\n\t\t\t\t<\/div>\n\t\t\t\t\t<\/div>\n\t\t\t\t<\/div>\n\t\t<div class=\"elementor-element elementor-element-599782c e-flex e-con-boxed e-con e-parent\" data-id=\"599782c\" data-element_type=\"container\" data-settings=\"{&quot;jet_parallax_layout_list&quot;:[]}\">\n\t\t\t\t\t<div class=\"e-con-inner\">\n\t\t\t\t<div class=\"elementor-element elementor-element-64a89a5 elementor-widget elementor-widget-jet-listing-grid\" data-id=\"64a89a5\" data-element_type=\"widget\" data-settings=\"{&quot;columns&quot;:3}\" data-widget_type=\"jet-listing-grid.default\">\n\t\t\t\t<div class=\"elementor-widget-container\">\n\t\t\t\t\t<div class=\"jet-listing-grid jet-listing-grid--lazy-load jet-listing jet-listing-grid-loading\" data-lazy-load=\"{&quot;offset&quot;:&quot;0px&quot;,&quot;post_id&quot;:3345,&quot;queried_id&quot;:&quot;3345|WP_Post&quot;}\"><div class=\"jet-listing-grid__loader\"><div class=\"jet-listing-grid__loader-spinner\"><\/div><\/div><\/div>\t\t\t\t<\/div>\n\t\t\t\t<\/div>\n\t\t\t\t\t<\/div>\n\t\t\t\t<\/div>\n\t\t<div class=\"elementor-element elementor-element-f0314c0 e-flex e-con-boxed e-con e-parent\" data-id=\"f0314c0\" data-element_type=\"container\" data-settings=\"{&quot;jet_parallax_layout_list&quot;:[]}\">\n\t\t\t\t\t<div class=\"e-con-inner\">\n\t\t\t\t<div class=\"elementor-element elementor-element-bf48d1b elementor-widget elementor-widget-jet-smart-filters-pagination\" data-id=\"bf48d1b\" data-element_type=\"widget\" data-widget_type=\"jet-smart-filters-pagination.default\">\n\t\t\t\t<div class=\"elementor-widget-container\">\n\t\t\t\t\t<div\n\t\t\t\tclass=\"jet-smart-filters-pagination jet-filter\"\n\t\t\t\tdata-apply-provider=\"jet-engine\"\n\t\t\t\tdata-content-provider=\"jet-engine\"\n\t\t\t\tdata-query-id=\"default\"\n\t\t\t\tdata-controls=\"{&quot;items_enabled&quot;:true,&quot;pages_mid_size&quot;:0,&quot;pages_end_size&quot;:0,&quot;nav_enabled&quot;:true,&quot;prev&quot;:&quot;&lt;&quot;,&quot;next&quot;:&quot;&gt;&quot;,&quot;hide_inactive_nav&quot;:true,&quot;load_more_enabled&quot;:false,&quot;provider_top_offset&quot;:0}\"\n\t\t\t\tdata-apply-type=\"ajax\"\n\t\t\t><\/div>\t\t\t\t<\/div>\n\t\t\t\t<\/div>\n\t\t\t\t\t<\/div>\n\t\t\t\t<\/div>\n\t\t\t\t<\/div>\n\t\t","protected":false},"excerpt":{"rendered":"<p>FILTRES : Search<\/p>\n","protected":false},"author":1,"featured_media":4054,"parent":3260,"menu_order":0,"comment_status":"closed","ping_status":"closed","template":"","meta":{"_acf_changed":false,"footnotes":""},"tags":[153],"class_list":["post-3345","page","type-page","status-publish","has-post-thumbnail","hentry","tag-full-fr"],"acf":[],"yoast_head":"<!-- This site is optimized with the Yoast SEO plugin v27.2 - https:\/\/yoast.com\/product\/yoast-seo-wordpress\/ -->\n<title>Articles - Evgeny Svetlanov<\/title>\n<meta name=\"description\" content=\"D\u00e9couvrez une s\u00e9lection d&#039;articles, de publications de presse et d&#039;\u00e9tudes musicologiques sur Evgeny Svetlanov \u2014 sa vie, son h\u00e9ritage et son influence sur la musique classique.\" \/>\n<meta name=\"robots\" content=\"index, follow, max-snippet:-1, max-image-preview:large, max-video-preview:-1\" \/>\n<link rel=\"canonical\" href=\"https:\/\/www.svetlanov-evgeny.com\/fr\/evgeny-svetlanov\/articles\/\" \/>\n<meta property=\"og:locale\" content=\"fr_FR\" \/>\n<meta property=\"og:type\" content=\"article\" \/>\n<meta property=\"og:title\" content=\"Articles - Evgeny Svetlanov\" \/>\n<meta property=\"og:description\" content=\"D\u00e9couvrez une s\u00e9lection d&#039;articles, de publications de presse et d&#039;\u00e9tudes musicologiques sur Evgeny Svetlanov \u2014 sa vie, son h\u00e9ritage et son influence sur la musique classique.\" \/>\n<meta property=\"og:url\" content=\"https:\/\/www.svetlanov-evgeny.com\/fr\/evgeny-svetlanov\/articles\/\" \/>\n<meta property=\"og:site_name\" content=\"Evgeny Svetlanov\" \/>\n<meta property=\"article:modified_time\" content=\"2026-03-10T14:46:29+00:00\" \/>\n<meta property=\"og:image\" content=\"https:\/\/www.svetlanov-evgeny.com\/wp-content\/uploads\/2025\/09\/EvgenySvetlanov-46-\u00a9-SLC.jpg\" \/>\n\t<meta property=\"og:image:width\" content=\"2093\" \/>\n\t<meta property=\"og:image:height\" content=\"1861\" \/>\n\t<meta property=\"og:image:type\" content=\"image\/jpeg\" \/>\n<meta name=\"twitter:card\" content=\"summary_large_image\" \/>\n<meta name=\"twitter:label1\" content=\"Dur\u00e9e de lecture estim\u00e9e\" \/>\n\t<meta name=\"twitter:data1\" content=\"1 minute\" \/>\n<script type=\"application\/ld+json\" class=\"yoast-schema-graph\">{\"@context\":\"https:\/\/schema.org\",\"@graph\":[{\"@type\":\"WebPage\",\"@id\":\"https:\/\/www.svetlanov-evgeny.com\/fr\/evgeny-svetlanov\/articles\/\",\"url\":\"https:\/\/www.svetlanov-evgeny.com\/fr\/evgeny-svetlanov\/articles\/\",\"name\":\"Articles - Evgeny Svetlanov\",\"isPartOf\":{\"@id\":\"https:\/\/www.svetlanov-evgeny.com\/fr\/#website\"},\"primaryImageOfPage\":{\"@id\":\"https:\/\/www.svetlanov-evgeny.com\/fr\/evgeny-svetlanov\/articles\/#primaryimage\"},\"image\":{\"@id\":\"https:\/\/www.svetlanov-evgeny.com\/fr\/evgeny-svetlanov\/articles\/#primaryimage\"},\"thumbnailUrl\":\"https:\/\/www.svetlanov-evgeny.com\/wp-content\/uploads\/2025\/09\/EvgenySvetlanov-46-\u00a9-SLC.jpg\",\"datePublished\":\"2025-08-25T10:20:57+00:00\",\"dateModified\":\"2026-03-10T14:46:29+00:00\",\"description\":\"D\u00e9couvrez une s\u00e9lection d'articles, de publications de presse et d'\u00e9tudes musicologiques sur Evgeny Svetlanov \u2014 sa vie, son h\u00e9ritage et son influence sur la musique classique.\",\"breadcrumb\":{\"@id\":\"https:\/\/www.svetlanov-evgeny.com\/fr\/evgeny-svetlanov\/articles\/#breadcrumb\"},\"inLanguage\":\"fr-FR\",\"potentialAction\":[{\"@type\":\"ReadAction\",\"target\":[\"https:\/\/www.svetlanov-evgeny.com\/fr\/evgeny-svetlanov\/articles\/\"]}]},{\"@type\":\"ImageObject\",\"inLanguage\":\"fr-FR\",\"@id\":\"https:\/\/www.svetlanov-evgeny.com\/fr\/evgeny-svetlanov\/articles\/#primaryimage\",\"url\":\"https:\/\/www.svetlanov-evgeny.com\/wp-content\/uploads\/2025\/09\/EvgenySvetlanov-46-\u00a9-SLC.jpg\",\"contentUrl\":\"https:\/\/www.svetlanov-evgeny.com\/wp-content\/uploads\/2025\/09\/EvgenySvetlanov-46-\u00a9-SLC.jpg\",\"width\":2093,\"height\":1861,\"caption\":\"Evgeny Svetlanov\"},{\"@type\":\"BreadcrumbList\",\"@id\":\"https:\/\/www.svetlanov-evgeny.com\/fr\/evgeny-svetlanov\/articles\/#breadcrumb\",\"itemListElement\":[{\"@type\":\"ListItem\",\"position\":1,\"name\":\"Home\",\"item\":\"https:\/\/www.svetlanov-evgeny.com\/fr\/\"},{\"@type\":\"ListItem\",\"position\":2,\"name\":\"Evgeny Svetlanov\",\"item\":\"https:\/\/www.svetlanov-evgeny.com\/fr\/evgeny-svetlanov\/\"},{\"@type\":\"ListItem\",\"position\":3,\"name\":\"Articles\"}]},{\"@type\":\"WebSite\",\"@id\":\"https:\/\/www.svetlanov-evgeny.com\/fr\/#website\",\"url\":\"https:\/\/www.svetlanov-evgeny.com\/fr\/\",\"name\":\"Evgeny Svetlanov\",\"description\":\"\",\"publisher\":{\"@id\":\"https:\/\/www.svetlanov-evgeny.com\/fr\/#organization\"},\"potentialAction\":[{\"@type\":\"SearchAction\",\"target\":{\"@type\":\"EntryPoint\",\"urlTemplate\":\"https:\/\/www.svetlanov-evgeny.com\/fr\/?s={search_term_string}\"},\"query-input\":{\"@type\":\"PropertyValueSpecification\",\"valueRequired\":true,\"valueName\":\"search_term_string\"}}],\"inLanguage\":\"fr-FR\"},{\"@type\":\"Organization\",\"@id\":\"https:\/\/www.svetlanov-evgeny.com\/fr\/#organization\",\"name\":\"Evgeny Svetlanov\",\"url\":\"https:\/\/www.svetlanov-evgeny.com\/fr\/\",\"logo\":{\"@type\":\"ImageObject\",\"inLanguage\":\"fr-FR\",\"@id\":\"https:\/\/www.svetlanov-evgeny.com\/fr\/#\/schema\/logo\/image\/\",\"url\":\"https:\/\/www.svetlanov-evgeny.com\/wp-content\/uploads\/2024\/01\/evgeny-svetlanov-white.webp\",\"contentUrl\":\"https:\/\/www.svetlanov-evgeny.com\/wp-content\/uploads\/2024\/01\/evgeny-svetlanov-white.webp\",\"width\":376,\"height\":37,\"caption\":\"Evgeny Svetlanov\"},\"image\":{\"@id\":\"https:\/\/www.svetlanov-evgeny.com\/fr\/#\/schema\/logo\/image\/\"}}]}<\/script>\n<!-- \/ Yoast SEO plugin. -->","yoast_head_json":{"title":"Articles - Evgeny Svetlanov","description":"D\u00e9couvrez une s\u00e9lection d'articles, de publications de presse et d'\u00e9tudes musicologiques sur Evgeny Svetlanov \u2014 sa vie, son h\u00e9ritage et son influence sur la musique classique.","robots":{"index":"index","follow":"follow","max-snippet":"max-snippet:-1","max-image-preview":"max-image-preview:large","max-video-preview":"max-video-preview:-1"},"canonical":"https:\/\/www.svetlanov-evgeny.com\/fr\/evgeny-svetlanov\/articles\/","og_locale":"fr_FR","og_type":"article","og_title":"Articles - Evgeny Svetlanov","og_description":"D\u00e9couvrez une s\u00e9lection d'articles, de publications de presse et d'\u00e9tudes musicologiques sur Evgeny Svetlanov \u2014 sa vie, son h\u00e9ritage et son influence sur la musique classique.","og_url":"https:\/\/www.svetlanov-evgeny.com\/fr\/evgeny-svetlanov\/articles\/","og_site_name":"Evgeny Svetlanov","article_modified_time":"2026-03-10T14:46:29+00:00","og_image":[{"width":2093,"height":1861,"url":"https:\/\/www.svetlanov-evgeny.com\/wp-content\/uploads\/2025\/09\/EvgenySvetlanov-46-\u00a9-SLC.jpg","type":"image\/jpeg"}],"twitter_card":"summary_large_image","twitter_misc":{"Dur\u00e9e de lecture estim\u00e9e":"1 minute"},"schema":{"@context":"https:\/\/schema.org","@graph":[{"@type":"WebPage","@id":"https:\/\/www.svetlanov-evgeny.com\/fr\/evgeny-svetlanov\/articles\/","url":"https:\/\/www.svetlanov-evgeny.com\/fr\/evgeny-svetlanov\/articles\/","name":"Articles - Evgeny Svetlanov","isPartOf":{"@id":"https:\/\/www.svetlanov-evgeny.com\/fr\/#website"},"primaryImageOfPage":{"@id":"https:\/\/www.svetlanov-evgeny.com\/fr\/evgeny-svetlanov\/articles\/#primaryimage"},"image":{"@id":"https:\/\/www.svetlanov-evgeny.com\/fr\/evgeny-svetlanov\/articles\/#primaryimage"},"thumbnailUrl":"https:\/\/www.svetlanov-evgeny.com\/wp-content\/uploads\/2025\/09\/EvgenySvetlanov-46-\u00a9-SLC.jpg","datePublished":"2025-08-25T10:20:57+00:00","dateModified":"2026-03-10T14:46:29+00:00","description":"D\u00e9couvrez une s\u00e9lection d'articles, de publications de presse et d'\u00e9tudes musicologiques sur Evgeny Svetlanov \u2014 sa vie, son h\u00e9ritage et son influence sur la musique classique.","breadcrumb":{"@id":"https:\/\/www.svetlanov-evgeny.com\/fr\/evgeny-svetlanov\/articles\/#breadcrumb"},"inLanguage":"fr-FR","potentialAction":[{"@type":"ReadAction","target":["https:\/\/www.svetlanov-evgeny.com\/fr\/evgeny-svetlanov\/articles\/"]}]},{"@type":"ImageObject","inLanguage":"fr-FR","@id":"https:\/\/www.svetlanov-evgeny.com\/fr\/evgeny-svetlanov\/articles\/#primaryimage","url":"https:\/\/www.svetlanov-evgeny.com\/wp-content\/uploads\/2025\/09\/EvgenySvetlanov-46-\u00a9-SLC.jpg","contentUrl":"https:\/\/www.svetlanov-evgeny.com\/wp-content\/uploads\/2025\/09\/EvgenySvetlanov-46-\u00a9-SLC.jpg","width":2093,"height":1861,"caption":"Evgeny Svetlanov"},{"@type":"BreadcrumbList","@id":"https:\/\/www.svetlanov-evgeny.com\/fr\/evgeny-svetlanov\/articles\/#breadcrumb","itemListElement":[{"@type":"ListItem","position":1,"name":"Home","item":"https:\/\/www.svetlanov-evgeny.com\/fr\/"},{"@type":"ListItem","position":2,"name":"Evgeny Svetlanov","item":"https:\/\/www.svetlanov-evgeny.com\/fr\/evgeny-svetlanov\/"},{"@type":"ListItem","position":3,"name":"Articles"}]},{"@type":"WebSite","@id":"https:\/\/www.svetlanov-evgeny.com\/fr\/#website","url":"https:\/\/www.svetlanov-evgeny.com\/fr\/","name":"Evgeny Svetlanov","description":"","publisher":{"@id":"https:\/\/www.svetlanov-evgeny.com\/fr\/#organization"},"potentialAction":[{"@type":"SearchAction","target":{"@type":"EntryPoint","urlTemplate":"https:\/\/www.svetlanov-evgeny.com\/fr\/?s={search_term_string}"},"query-input":{"@type":"PropertyValueSpecification","valueRequired":true,"valueName":"search_term_string"}}],"inLanguage":"fr-FR"},{"@type":"Organization","@id":"https:\/\/www.svetlanov-evgeny.com\/fr\/#organization","name":"Evgeny Svetlanov","url":"https:\/\/www.svetlanov-evgeny.com\/fr\/","logo":{"@type":"ImageObject","inLanguage":"fr-FR","@id":"https:\/\/www.svetlanov-evgeny.com\/fr\/#\/schema\/logo\/image\/","url":"https:\/\/www.svetlanov-evgeny.com\/wp-content\/uploads\/2024\/01\/evgeny-svetlanov-white.webp","contentUrl":"https:\/\/www.svetlanov-evgeny.com\/wp-content\/uploads\/2024\/01\/evgeny-svetlanov-white.webp","width":376,"height":37,"caption":"Evgeny Svetlanov"},"image":{"@id":"https:\/\/www.svetlanov-evgeny.com\/fr\/#\/schema\/logo\/image\/"}}]}},"_links":{"self":[{"href":"https:\/\/www.svetlanov-evgeny.com\/fr\/wp-json\/wp\/v2\/pages\/3345","targetHints":{"allow":["GET"]}}],"collection":[{"href":"https:\/\/www.svetlanov-evgeny.com\/fr\/wp-json\/wp\/v2\/pages"}],"about":[{"href":"https:\/\/www.svetlanov-evgeny.com\/fr\/wp-json\/wp\/v2\/types\/page"}],"author":[{"embeddable":true,"href":"https:\/\/www.svetlanov-evgeny.com\/fr\/wp-json\/wp\/v2\/users\/1"}],"replies":[{"embeddable":true,"href":"https:\/\/www.svetlanov-evgeny.com\/fr\/wp-json\/wp\/v2\/comments?post=3345"}],"version-history":[{"count":2,"href":"https:\/\/www.svetlanov-evgeny.com\/fr\/wp-json\/wp\/v2\/pages\/3345\/revisions"}],"predecessor-version":[{"id":10339,"href":"https:\/\/www.svetlanov-evgeny.com\/fr\/wp-json\/wp\/v2\/pages\/3345\/revisions\/10339"}],"up":[{"embeddable":true,"href":"https:\/\/www.svetlanov-evgeny.com\/fr\/wp-json\/wp\/v2\/pages\/3260"}],"wp:featuredmedia":[{"embeddable":true,"href":"https:\/\/www.svetlanov-evgeny.com\/fr\/wp-json\/wp\/v2\/media\/4054"}],"wp:attachment":[{"href":"https:\/\/www.svetlanov-evgeny.com\/fr\/wp-json\/wp\/v2\/media?parent=3345"}],"wp:term":[{"taxonomy":"post_tag","embeddable":true,"href":"https:\/\/www.svetlanov-evgeny.com\/fr\/wp-json\/wp\/v2\/tags?post=3345"}],"curies":[{"name":"wp","href":"https:\/\/api.w.org\/{rel}","templated":true}]}}