{"id":9834,"date":"2025-10-09T10:22:29","date_gmt":"2025-10-09T09:22:29","guid":{"rendered":"https:\/\/www.svetlanov-evgeny.com\/votez-pour-votre-candidat-prefere\/"},"modified":"2026-03-18T11:50:32","modified_gmt":"2026-03-18T11:50:32","slug":"votez-pour-votre-candidat-prefere","status":"publish","type":"page","link":"https:\/\/www.svetlanov-evgeny.com\/fr\/pour-nous-soutenir\/partenariats\/votez-pour-votre-candidat-prefere\/","title":{"rendered":"Votez pour votre candidat pr\u00e9f\u00e9r\u00e9"},"content":{"rendered":"\t\t<div data-elementor-type=\"wp-page\" data-elementor-id=\"9834\" class=\"elementor elementor-9834 elementor-4674\" data-elementor-post-type=\"page\">\n\t\t\t\t<div class=\"elementor-element elementor-element-2f301f67 e-flex e-con-boxed e-con e-parent\" data-id=\"2f301f67\" data-element_type=\"container\" data-settings=\"{&quot;jet_parallax_layout_list&quot;:[]}\">\n\t\t\t\t\t<div class=\"e-con-inner\">\n\t\t\t\t<div class=\"elementor-element elementor-element-65b5ac6a elementor-widget elementor-widget-text-editor\" data-id=\"65b5ac6a\" data-element_type=\"widget\" data-widget_type=\"text-editor.default\">\n\t\t\t\t<div class=\"elementor-widget-container\">\n\t\t\t\t\t\t\t\t\t<h2><span style=\"font-weight: 400;\">Soutenez le Concours Svetlanov et faites entendre votre voix !<\/span><\/h2>\n<p>Vous pouvez contribuer en votant pour votre candidat pr\u00e9f\u00e9r\u00e9 : cliquez sur son nom, faites<b> un don de 10 \u20ac<\/b> et validez votre vote.<\/p>\n<ul>\n<li style=\"font-weight: 400;\" aria-level=\"1\"><span style=\"font-weight: 400;\">Vous pouvez voter autant de fois que vous le souhaitez.<\/span><\/li>\n<li style=\"\" aria-level=\"1\"><span style=\"font-weight: 400;\">Les votes sont ouverts <\/span><b>jusqu\u2019au d\u00e9but de la C\u00e9r\u00e9monie de remise des prix, le 6 septembre 2026<\/b>.<\/li>\n<\/ul>\n<p>Le laur\u00e9at du <b>Prix du Public en ligne<\/b> sera annonc\u00e9 sur sc\u00e8ne lors de la c\u00e9r\u00e9monie.<\/p>\n<p>Merci pour votre soutien \u2014<b> votre voix compte<\/b> et votre contribution participe \u00e0 l\u2019\u00e9l\u00e9vation de la nouvelle g\u00e9n\u00e9ration de chefs !<\/p>\n<p><b>Pour toute question, veuillez contacter :<\/b><br><span style=\"font-weight: 400;\">Olga Aleksandrova, Directrice Marketing<br><\/span><a href=\"mailto:administration@svetlanov-evgeny.com\"><span style=\"font-weight: 400;\">administration@svetlanov-evgeny.com<\/span><\/a><\/p>\t\t\t\t\t\t\t\t<\/div>\n\t\t\t\t<\/div>\n\t\t\t\t\t<\/div>\n\t\t\t\t<\/div>\n\t\t<div class=\"elementor-element elementor-element-4d58092 e-flex e-con-boxed e-con e-parent\" data-id=\"4d58092\" data-element_type=\"container\" data-settings=\"{&quot;jet_parallax_layout_list&quot;:[]}\">\n\t\t\t\t\t<div class=\"e-con-inner\">\n\t\t\t\t<div class=\"elementor-element elementor-element-c5720e0 elementor-widget elementor-widget-image\" data-id=\"c5720e0\" data-element_type=\"widget\" data-widget_type=\"image.default\">\n\t\t\t\t<div class=\"elementor-widget-container\">\n\t\t\t\t\t\t\t\t\t\t\t\t\t\t\t<img fetchpriority=\"high\" decoding=\"async\" width=\"800\" height=\"533\" src=\"https:\/\/www.svetlanov-evgeny.com\/wp-content\/uploads\/2025\/10\/Candidates-2nd-Rounds-Svetlanov-Competition-1024x682.jpg\" class=\"attachment-large size-large wp-image-5201\" alt=\"Candidates 2nd Rounds-Svetlanov Competition 2022\" srcset=\"https:\/\/www.svetlanov-evgeny.com\/wp-content\/uploads\/2025\/10\/Candidates-2nd-Rounds-Svetlanov-Competition-1024x682.jpg 1024w, https:\/\/www.svetlanov-evgeny.com\/wp-content\/uploads\/2025\/10\/Candidates-2nd-Rounds-Svetlanov-Competition-300x200.jpg 300w, https:\/\/www.svetlanov-evgeny.com\/wp-content\/uploads\/2025\/10\/Candidates-2nd-Rounds-Svetlanov-Competition-768x512.jpg 768w, https:\/\/www.svetlanov-evgeny.com\/wp-content\/uploads\/2025\/10\/Candidates-2nd-Rounds-Svetlanov-Competition-1536x1024.jpg 1536w, https:\/\/www.svetlanov-evgeny.com\/wp-content\/uploads\/2025\/10\/Candidates-2nd-Rounds-Svetlanov-Competition.jpg 1940w\" sizes=\"(max-width: 800px) 100vw, 800px\" \/>\t\t\t\t\t\t\t\t\t\t\t\t\t\t\t<\/div>\n\t\t\t\t<\/div>\n\t\t\t\t\t<\/div>\n\t\t\t\t<\/div>\n\t\t\t\t<\/div>\n\t\t","protected":false},"excerpt":{"rendered":"<p>Soutenez le Concours Svetlanov et faites entendre votre voix ! Vous pouvez contribuer en votant pour votre candidat pr\u00e9f\u00e9r\u00e9 : cliquez sur son nom, faites un don de 10 \u20ac et validez votre vote. Vous pouvez voter autant de fois que vous le souhaitez. Les votes sont ouverts jusqu\u2019au d\u00e9but de la C\u00e9r\u00e9monie de remise [&hellip;]<\/p>\n","protected":false},"author":5,"featured_media":0,"parent":10297,"menu_order":0,"comment_status":"closed","ping_status":"closed","template":"","meta":{"_acf_changed":false,"footnotes":""},"tags":[],"class_list":["post-9834","page","type-page","status-publish","hentry"],"acf":[],"yoast_head":"<!-- This site is optimized with the Yoast SEO plugin v27.2 - https:\/\/yoast.com\/product\/yoast-seo-wordpress\/ -->\n<title>Votez pour votre candidat pr\u00e9f\u00e9r\u00e9 - Evgeny Svetlanov<\/title>\n<meta name=\"description\" content=\"Votez pour votre candidat pr\u00e9f\u00e9r\u00e9 au Concours de direction d&#039;orchestre Svetlanov et soutenez les jeunes talents avec un don de 10 \u20ac. Vous pouvez voter autant de fois que vous le souhaitez jusqu&#039;\u00e0 la c\u00e9r\u00e9monie de remise des prix le 6 septembre 2026. Chaque vote compte !\" \/>\n<meta name=\"robots\" content=\"index, follow, max-snippet:-1, max-image-preview:large, max-video-preview:-1\" \/>\n<link rel=\"canonical\" href=\"https:\/\/www.svetlanov-evgeny.com\/fr\/pour-nous-soutenir\/partenariats\/votez-pour-votre-candidat-prefere\/\" \/>\n<meta property=\"og:locale\" content=\"fr_FR\" \/>\n<meta property=\"og:type\" content=\"article\" \/>\n<meta property=\"og:title\" content=\"Votez pour votre candidat pr\u00e9f\u00e9r\u00e9 - Evgeny Svetlanov\" \/>\n<meta property=\"og:description\" content=\"Votez pour votre candidat pr\u00e9f\u00e9r\u00e9 au Concours de direction d&#039;orchestre Svetlanov et soutenez les jeunes talents avec un don de 10 \u20ac. Vous pouvez voter autant de fois que vous le souhaitez jusqu&#039;\u00e0 la c\u00e9r\u00e9monie de remise des prix le 6 septembre 2026. Chaque vote compte !\" \/>\n<meta property=\"og:url\" content=\"https:\/\/www.svetlanov-evgeny.com\/fr\/pour-nous-soutenir\/partenariats\/votez-pour-votre-candidat-prefere\/\" \/>\n<meta property=\"og:site_name\" content=\"Evgeny Svetlanov\" \/>\n<meta property=\"article:modified_time\" content=\"2026-03-18T11:50:32+00:00\" \/>\n<meta property=\"og:image\" content=\"https:\/\/www.svetlanov-evgeny.com\/wp-content\/uploads\/2025\/10\/Candidates-2nd-Rounds-Svetlanov-Competition.jpg\" \/>\n\t<meta property=\"og:image:width\" content=\"1940\" \/>\n\t<meta property=\"og:image:height\" content=\"1293\" \/>\n\t<meta property=\"og:image:type\" content=\"image\/jpeg\" \/>\n<meta name=\"twitter:card\" content=\"summary_large_image\" \/>\n<meta name=\"twitter:label1\" content=\"Dur\u00e9e de lecture estim\u00e9e\" \/>\n\t<meta name=\"twitter:data1\" content=\"1 minute\" \/>\n<script type=\"application\/ld+json\" class=\"yoast-schema-graph\">{\"@context\":\"https:\/\/schema.org\",\"@graph\":[{\"@type\":\"WebPage\",\"@id\":\"https:\/\/www.svetlanov-evgeny.com\/fr\/pour-nous-soutenir\/partenariats\/votez-pour-votre-candidat-prefere\/\",\"url\":\"https:\/\/www.svetlanov-evgeny.com\/fr\/pour-nous-soutenir\/partenariats\/votez-pour-votre-candidat-prefere\/\",\"name\":\"Votez pour votre candidat pr\u00e9f\u00e9r\u00e9 - Evgeny Svetlanov\",\"isPartOf\":{\"@id\":\"https:\/\/www.svetlanov-evgeny.com\/fr\/#website\"},\"primaryImageOfPage\":{\"@id\":\"https:\/\/www.svetlanov-evgeny.com\/fr\/pour-nous-soutenir\/partenariats\/votez-pour-votre-candidat-prefere\/#primaryimage\"},\"image\":{\"@id\":\"https:\/\/www.svetlanov-evgeny.com\/fr\/pour-nous-soutenir\/partenariats\/votez-pour-votre-candidat-prefere\/#primaryimage\"},\"thumbnailUrl\":\"https:\/\/www.svetlanov-evgeny.com\/wp-content\/uploads\/2025\/10\/Candidates-2nd-Rounds-Svetlanov-Competition-1024x682.jpg\",\"datePublished\":\"2025-10-09T09:22:29+00:00\",\"dateModified\":\"2026-03-18T11:50:32+00:00\",\"description\":\"Votez pour votre candidat pr\u00e9f\u00e9r\u00e9 au Concours de direction d'orchestre Svetlanov et soutenez les jeunes talents avec un don de 10 \u20ac. Vous pouvez voter autant de fois que vous le souhaitez jusqu'\u00e0 la c\u00e9r\u00e9monie de remise des prix le 6 septembre 2026. Chaque vote compte !\",\"breadcrumb\":{\"@id\":\"https:\/\/www.svetlanov-evgeny.com\/fr\/pour-nous-soutenir\/partenariats\/votez-pour-votre-candidat-prefere\/#breadcrumb\"},\"inLanguage\":\"fr-FR\",\"potentialAction\":[{\"@type\":\"ReadAction\",\"target\":[\"https:\/\/www.svetlanov-evgeny.com\/fr\/pour-nous-soutenir\/partenariats\/votez-pour-votre-candidat-prefere\/\"]}]},{\"@type\":\"ImageObject\",\"inLanguage\":\"fr-FR\",\"@id\":\"https:\/\/www.svetlanov-evgeny.com\/fr\/pour-nous-soutenir\/partenariats\/votez-pour-votre-candidat-prefere\/#primaryimage\",\"url\":\"https:\/\/www.svetlanov-evgeny.com\/wp-content\/uploads\/2025\/10\/Candidates-2nd-Rounds-Svetlanov-Competition-1024x682.jpg\",\"contentUrl\":\"https:\/\/www.svetlanov-evgeny.com\/wp-content\/uploads\/2025\/10\/Candidates-2nd-Rounds-Svetlanov-Competition-1024x682.jpg\"},{\"@type\":\"BreadcrumbList\",\"@id\":\"https:\/\/www.svetlanov-evgeny.com\/fr\/pour-nous-soutenir\/partenariats\/votez-pour-votre-candidat-prefere\/#breadcrumb\",\"itemListElement\":[{\"@type\":\"ListItem\",\"position\":1,\"name\":\"Home\",\"item\":\"https:\/\/www.svetlanov-evgeny.com\/fr\/\"},{\"@type\":\"ListItem\",\"position\":2,\"name\":\"Pour nous soutenir\",\"item\":\"https:\/\/www.svetlanov-evgeny.com\/fr\/how-to-support\/\"},{\"@type\":\"ListItem\",\"position\":3,\"name\":\"Partenariats\",\"item\":\"https:\/\/www.svetlanov-evgeny.com\/fr\/pour-nous-soutenir\/partenariats\/\"},{\"@type\":\"ListItem\",\"position\":4,\"name\":\"Votez pour votre candidat pr\u00e9f\u00e9r\u00e9\"}]},{\"@type\":\"WebSite\",\"@id\":\"https:\/\/www.svetlanov-evgeny.com\/fr\/#website\",\"url\":\"https:\/\/www.svetlanov-evgeny.com\/fr\/\",\"name\":\"Evgeny Svetlanov\",\"description\":\"\",\"publisher\":{\"@id\":\"https:\/\/www.svetlanov-evgeny.com\/fr\/#organization\"},\"potentialAction\":[{\"@type\":\"SearchAction\",\"target\":{\"@type\":\"EntryPoint\",\"urlTemplate\":\"https:\/\/www.svetlanov-evgeny.com\/fr\/?s={search_term_string}\"},\"query-input\":{\"@type\":\"PropertyValueSpecification\",\"valueRequired\":true,\"valueName\":\"search_term_string\"}}],\"inLanguage\":\"fr-FR\"},{\"@type\":\"Organization\",\"@id\":\"https:\/\/www.svetlanov-evgeny.com\/fr\/#organization\",\"name\":\"Evgeny Svetlanov\",\"url\":\"https:\/\/www.svetlanov-evgeny.com\/fr\/\",\"logo\":{\"@type\":\"ImageObject\",\"inLanguage\":\"fr-FR\",\"@id\":\"https:\/\/www.svetlanov-evgeny.com\/fr\/#\/schema\/logo\/image\/\",\"url\":\"https:\/\/www.svetlanov-evgeny.com\/wp-content\/uploads\/2024\/01\/evgeny-svetlanov-white.webp\",\"contentUrl\":\"https:\/\/www.svetlanov-evgeny.com\/wp-content\/uploads\/2024\/01\/evgeny-svetlanov-white.webp\",\"width\":376,\"height\":37,\"caption\":\"Evgeny Svetlanov\"},\"image\":{\"@id\":\"https:\/\/www.svetlanov-evgeny.com\/fr\/#\/schema\/logo\/image\/\"}}]}<\/script>\n<!-- \/ Yoast SEO plugin. -->","yoast_head_json":{"title":"Votez pour votre candidat pr\u00e9f\u00e9r\u00e9 - Evgeny Svetlanov","description":"Votez pour votre candidat pr\u00e9f\u00e9r\u00e9 au Concours de direction d'orchestre Svetlanov et soutenez les jeunes talents avec un don de 10 \u20ac. Vous pouvez voter autant de fois que vous le souhaitez jusqu'\u00e0 la c\u00e9r\u00e9monie de remise des prix le 6 septembre 2026. Chaque vote compte !","robots":{"index":"index","follow":"follow","max-snippet":"max-snippet:-1","max-image-preview":"max-image-preview:large","max-video-preview":"max-video-preview:-1"},"canonical":"https:\/\/www.svetlanov-evgeny.com\/fr\/pour-nous-soutenir\/partenariats\/votez-pour-votre-candidat-prefere\/","og_locale":"fr_FR","og_type":"article","og_title":"Votez pour votre candidat pr\u00e9f\u00e9r\u00e9 - Evgeny Svetlanov","og_description":"Votez pour votre candidat pr\u00e9f\u00e9r\u00e9 au Concours de direction d'orchestre Svetlanov et soutenez les jeunes talents avec un don de 10 \u20ac. Vous pouvez voter autant de fois que vous le souhaitez jusqu'\u00e0 la c\u00e9r\u00e9monie de remise des prix le 6 septembre 2026. Chaque vote compte !","og_url":"https:\/\/www.svetlanov-evgeny.com\/fr\/pour-nous-soutenir\/partenariats\/votez-pour-votre-candidat-prefere\/","og_site_name":"Evgeny Svetlanov","article_modified_time":"2026-03-18T11:50:32+00:00","og_image":[{"width":1940,"height":1293,"url":"https:\/\/www.svetlanov-evgeny.com\/wp-content\/uploads\/2025\/10\/Candidates-2nd-Rounds-Svetlanov-Competition.jpg","type":"image\/jpeg"}],"twitter_card":"summary_large_image","twitter_misc":{"Dur\u00e9e de lecture estim\u00e9e":"1 minute"},"schema":{"@context":"https:\/\/schema.org","@graph":[{"@type":"WebPage","@id":"https:\/\/www.svetlanov-evgeny.com\/fr\/pour-nous-soutenir\/partenariats\/votez-pour-votre-candidat-prefere\/","url":"https:\/\/www.svetlanov-evgeny.com\/fr\/pour-nous-soutenir\/partenariats\/votez-pour-votre-candidat-prefere\/","name":"Votez pour votre candidat pr\u00e9f\u00e9r\u00e9 - Evgeny Svetlanov","isPartOf":{"@id":"https:\/\/www.svetlanov-evgeny.com\/fr\/#website"},"primaryImageOfPage":{"@id":"https:\/\/www.svetlanov-evgeny.com\/fr\/pour-nous-soutenir\/partenariats\/votez-pour-votre-candidat-prefere\/#primaryimage"},"image":{"@id":"https:\/\/www.svetlanov-evgeny.com\/fr\/pour-nous-soutenir\/partenariats\/votez-pour-votre-candidat-prefere\/#primaryimage"},"thumbnailUrl":"https:\/\/www.svetlanov-evgeny.com\/wp-content\/uploads\/2025\/10\/Candidates-2nd-Rounds-Svetlanov-Competition-1024x682.jpg","datePublished":"2025-10-09T09:22:29+00:00","dateModified":"2026-03-18T11:50:32+00:00","description":"Votez pour votre candidat pr\u00e9f\u00e9r\u00e9 au Concours de direction d'orchestre Svetlanov et soutenez les jeunes talents avec un don de 10 \u20ac. Vous pouvez voter autant de fois que vous le souhaitez jusqu'\u00e0 la c\u00e9r\u00e9monie de remise des prix le 6 septembre 2026. Chaque vote compte !","breadcrumb":{"@id":"https:\/\/www.svetlanov-evgeny.com\/fr\/pour-nous-soutenir\/partenariats\/votez-pour-votre-candidat-prefere\/#breadcrumb"},"inLanguage":"fr-FR","potentialAction":[{"@type":"ReadAction","target":["https:\/\/www.svetlanov-evgeny.com\/fr\/pour-nous-soutenir\/partenariats\/votez-pour-votre-candidat-prefere\/"]}]},{"@type":"ImageObject","inLanguage":"fr-FR","@id":"https:\/\/www.svetlanov-evgeny.com\/fr\/pour-nous-soutenir\/partenariats\/votez-pour-votre-candidat-prefere\/#primaryimage","url":"https:\/\/www.svetlanov-evgeny.com\/wp-content\/uploads\/2025\/10\/Candidates-2nd-Rounds-Svetlanov-Competition-1024x682.jpg","contentUrl":"https:\/\/www.svetlanov-evgeny.com\/wp-content\/uploads\/2025\/10\/Candidates-2nd-Rounds-Svetlanov-Competition-1024x682.jpg"},{"@type":"BreadcrumbList","@id":"https:\/\/www.svetlanov-evgeny.com\/fr\/pour-nous-soutenir\/partenariats\/votez-pour-votre-candidat-prefere\/#breadcrumb","itemListElement":[{"@type":"ListItem","position":1,"name":"Home","item":"https:\/\/www.svetlanov-evgeny.com\/fr\/"},{"@type":"ListItem","position":2,"name":"Pour nous soutenir","item":"https:\/\/www.svetlanov-evgeny.com\/fr\/how-to-support\/"},{"@type":"ListItem","position":3,"name":"Partenariats","item":"https:\/\/www.svetlanov-evgeny.com\/fr\/pour-nous-soutenir\/partenariats\/"},{"@type":"ListItem","position":4,"name":"Votez pour votre candidat pr\u00e9f\u00e9r\u00e9"}]},{"@type":"WebSite","@id":"https:\/\/www.svetlanov-evgeny.com\/fr\/#website","url":"https:\/\/www.svetlanov-evgeny.com\/fr\/","name":"Evgeny Svetlanov","description":"","publisher":{"@id":"https:\/\/www.svetlanov-evgeny.com\/fr\/#organization"},"potentialAction":[{"@type":"SearchAction","target":{"@type":"EntryPoint","urlTemplate":"https:\/\/www.svetlanov-evgeny.com\/fr\/?s={search_term_string}"},"query-input":{"@type":"PropertyValueSpecification","valueRequired":true,"valueName":"search_term_string"}}],"inLanguage":"fr-FR"},{"@type":"Organization","@id":"https:\/\/www.svetlanov-evgeny.com\/fr\/#organization","name":"Evgeny Svetlanov","url":"https:\/\/www.svetlanov-evgeny.com\/fr\/","logo":{"@type":"ImageObject","inLanguage":"fr-FR","@id":"https:\/\/www.svetlanov-evgeny.com\/fr\/#\/schema\/logo\/image\/","url":"https:\/\/www.svetlanov-evgeny.com\/wp-content\/uploads\/2024\/01\/evgeny-svetlanov-white.webp","contentUrl":"https:\/\/www.svetlanov-evgeny.com\/wp-content\/uploads\/2024\/01\/evgeny-svetlanov-white.webp","width":376,"height":37,"caption":"Evgeny Svetlanov"},"image":{"@id":"https:\/\/www.svetlanov-evgeny.com\/fr\/#\/schema\/logo\/image\/"}}]}},"_links":{"self":[{"href":"https:\/\/www.svetlanov-evgeny.com\/fr\/wp-json\/wp\/v2\/pages\/9834","targetHints":{"allow":["GET"]}}],"collection":[{"href":"https:\/\/www.svetlanov-evgeny.com\/fr\/wp-json\/wp\/v2\/pages"}],"about":[{"href":"https:\/\/www.svetlanov-evgeny.com\/fr\/wp-json\/wp\/v2\/types\/page"}],"author":[{"embeddable":true,"href":"https:\/\/www.svetlanov-evgeny.com\/fr\/wp-json\/wp\/v2\/users\/5"}],"replies":[{"embeddable":true,"href":"https:\/\/www.svetlanov-evgeny.com\/fr\/wp-json\/wp\/v2\/comments?post=9834"}],"version-history":[{"count":8,"href":"https:\/\/www.svetlanov-evgeny.com\/fr\/wp-json\/wp\/v2\/pages\/9834\/revisions"}],"predecessor-version":[{"id":10511,"href":"https:\/\/www.svetlanov-evgeny.com\/fr\/wp-json\/wp\/v2\/pages\/9834\/revisions\/10511"}],"up":[{"embeddable":true,"href":"https:\/\/www.svetlanov-evgeny.com\/fr\/wp-json\/wp\/v2\/pages\/10297"}],"wp:attachment":[{"href":"https:\/\/www.svetlanov-evgeny.com\/fr\/wp-json\/wp\/v2\/media?parent=9834"}],"wp:term":[{"taxonomy":"post_tag","embeddable":true,"href":"https:\/\/www.svetlanov-evgeny.com\/fr\/wp-json\/wp\/v2\/tags?post=9834"}],"curies":[{"name":"wp","href":"https:\/\/api.w.org\/{rel}","templated":true}]}}